{"id":69,"date":"2020-10-07T16:52:45","date_gmt":"2020-10-07T16:52:45","guid":{"rendered":"http:\/\/susurroschinos.com\/?page_id=69"},"modified":"2025-03-17T09:39:33","modified_gmt":"2025-03-17T09:39:33","slug":"cecilia-de-la-vega","status":"publish","type":"page","link":"https:\/\/susurroschinos.com\/index.php\/cecilia-de-la-vega\/","title":{"rendered":"Coordinadora"},"content":{"rendered":"\n<div class=\"wp-block-image\"><figure class=\"alignleft size-large is-resized\"><img loading=\"lazy\" src=\"https:\/\/i1.wp.com\/susurroschinos.com\/wp-content\/uploads\/2020\/10\/Cecilia-de-la-Vega-2020.jpg?resize=242%2C246&#038;ssl=1\" alt=\"\" class=\"wp-image-70\" width=\"242\" height=\"246\" srcset=\"https:\/\/i1.wp.com\/susurroschinos.com\/wp-content\/uploads\/2020\/10\/Cecilia-de-la-Vega-2020.jpg?w=470&amp;ssl=1 470w, https:\/\/i1.wp.com\/susurroschinos.com\/wp-content\/uploads\/2020\/10\/Cecilia-de-la-Vega-2020.jpg?resize=295%2C300&amp;ssl=1 295w\" sizes=\"(max-width: 242px) 100vw, 242px\" data-recalc-dims=\"1\" \/><\/figure><\/div>\n\n\n\n<p><a href=\"https:\/\/ceciliadelavega.com\/\"><strong>Cecilia de la Vega<\/strong><\/a> es Traductora&nbsp;y&nbsp;Profesora de Ingl\u00e9s, y&nbsp;Mag\u00edster en Traductolog\u00eda&nbsp;por la Facultad de Lenguas de la Universidad Nacional de C\u00f3rdoba.<\/p>\n\n\n\n<p>En septiembre de 2017 cre\u00f3 &#8220;Susurros Chinos&#8221;, un espacio para la traducci\u00f3n literaria. Desde entonces, coordina las actividades y producciones del equipo.<\/p>\n\n\n\n<p>Es profesora de la Facultad de Lenguas en las asignaturas Traducci\u00f3n Literaria e Introducci\u00f3n a la Traductolog\u00eda<em>.&nbsp;<\/em>&nbsp;Forma parte del plantel&nbsp;docente de posgrado&nbsp;de la&nbsp;Especializaci\u00f3n en Traducci\u00f3n e Interpretaci\u00f3n<em> <\/em>y de la Diplomatura en Culturas y Literaturas Comparadas Contempor\u00e1neas, que ofrece la facultad.<em> <\/em>Desde diciembre 2021, est\u00e1 a cargo de la direcci\u00f3n de la<em> Nueva ReCIT, Revista del \u00c1rea de Traductolog\u00eda <\/em>del Centro de Investigaciones de la Facultad de Lenguas<em>.<\/em> Adem\u00e1s, es directora del proyecto de investigaci\u00f3n titulado &#8220;El mercado de la traducci\u00f3n editorial en espa\u00f1ol: antecedentes y escenarios actuales&#8221;, radicado en la Secretar\u00eda de Ciencia y Tecnolog\u00eda de la UNC. <\/p>\n\n\n\n<p>Se desempe\u00f1a como traductora de textos literarios y como&nbsp;gestora de proyectos editoriales. Ha traducido obras de Edith Nesbit, Charlotte Perkins Gilman, Sarah Grand, Mona Caird, L. Frank Baum, Arthur Conan Doyle, Beatrix Potter, entre otros. Es&nbsp;autora&nbsp;de numerosos cuentos cortos y de compilaciones de relatos y discursos de principios del siglo XX y de obras de microficci\u00f3n contempor\u00e1nea. Se destacan las dos compilaciones&nbsp;<em><a href=\"https:\/\/editoriales.facultades.unc.edu.ar\/index.php\/edfl\/catalog\">Ser mujeres, ser personas<\/a><\/em>, que rescatan discursos emblem\u00e1ticos de sufragistas que lucharon por los derechos de las mujeres durante el fin de si\u00e8cle en Estados Unidos e Inglaterra, y los cinco vol\u00famenes de&nbsp;<em><a href=\"https:\/\/susurroschinos.com\/index.php\/nuestros-libros\/\">Instant\u00e1neas de ficci\u00f3n<\/a><\/em>, que recopilan microcuentos traducidos del ingl\u00e9s de autores de todo el mundo.<\/p>\n\n\n\n<p>En 2020, su traducci\u00f3n&nbsp;<em>Nueve cuentos improbables,&nbsp;<\/em>de Edith Nesbit, publicada por la editorial Interzona, fue premiada con una menci\u00f3n especial en los&nbsp;Destacados ALIJA&nbsp;(Asociaci\u00f3n de Literatura Infantil y Juvenil Argentina).<\/p>\n\n\n\n<p><\/p>\n\n\n\n<p><a href=\"https:\/\/x.com\/cecidelavega\">X: @cecidelavega<\/a><\/p>\n\n\n\n<p><a href=\"https:\/\/www.linkedin.com\/in\/cecilia-de-la-vega\/\">Linkedin<\/a><\/p>\n\n\n\n<p><a href=\"https:\/\/www.instagram.com\/cecidlv\/\">Instagram<\/a><\/p>\n","protected":false},"excerpt":{"rendered":"<p>Cecilia de la Vega es Traductora&nbsp;y&nbsp;Profesora de Ingl\u00e9s, y&nbsp;Mag\u00edster en Traductolog\u00eda&nbsp;por la Facultad de Lenguas de la Universidad Nacional de &hellip; <a class=\"more-link\" href=\"https:\/\/susurroschinos.com\/index.php\/cecilia-de-la-vega\/\">More<\/a><\/p>\n","protected":false},"author":1,"featured_media":0,"parent":0,"menu_order":0,"comment_status":"closed","ping_status":"closed","template":"","meta":{"spay_email":""},"yoast_head":"<!-- This site is optimized with the Yoast SEO plugin v15.0 - https:\/\/yoast.com\/wordpress\/plugins\/seo\/ -->\n<title>Coordinadora - Susurros Chinos<\/title>\n<meta name=\"robots\" content=\"index, follow, max-snippet:-1, max-image-preview:large, max-video-preview:-1\" \/>\n<link rel=\"canonical\" href=\"http:\/\/susurroschinos.com\/index.php\/cecilia-de-la-vega\/\" \/>\n<meta property=\"og:locale\" content=\"en_US\" \/>\n<meta property=\"og:type\" content=\"article\" \/>\n<meta property=\"og:title\" content=\"Coordinadora - Susurros Chinos\" \/>\n<meta property=\"og:description\" content=\"Cecilia de la Vega es Traductora&nbsp;y&nbsp;Profesora de Ingl\u00e9s, y&nbsp;Mag\u00edster en Traductolog\u00eda&nbsp;por la Facultad de Lenguas de la Universidad Nacional de &hellip; More\" \/>\n<meta property=\"og:url\" content=\"http:\/\/susurroschinos.com\/index.php\/cecilia-de-la-vega\/\" \/>\n<meta property=\"og:site_name\" content=\"Susurros Chinos\" \/>\n<meta property=\"article:publisher\" content=\"https:\/\/facebook.com\/susurroschinos\" \/>\n<meta property=\"article:modified_time\" content=\"2025-03-17T09:39:33+00:00\" \/>\n<meta property=\"og:image\" content=\"https:\/\/susurroschinos.com\/wp-content\/uploads\/2020\/10\/Cecilia-de-la-Vega-2020.jpg\" \/>\n<meta name=\"twitter:card\" content=\"summary_large_image\" \/>\n<meta name=\"twitter:creator\" content=\"@SusurrosChinos\" \/>\n<meta name=\"twitter:site\" content=\"@SusurrosChinos\" \/>\n<script type=\"application\/ld+json\" class=\"yoast-schema-graph\">{\"@context\":\"https:\/\/schema.org\",\"@graph\":[{\"@type\":\"WebSite\",\"@id\":\"https:\/\/susurroschinos.com\/#website\",\"url\":\"https:\/\/susurroschinos.com\/\",\"name\":\"Susurros Chinos\",\"description\":\"Traducci\\u00f3n Literaria\",\"potentialAction\":[{\"@type\":\"SearchAction\",\"target\":\"https:\/\/susurroschinos.com\/?s={search_term_string}\",\"query-input\":\"required name=search_term_string\"}],\"inLanguage\":\"en-US\"},{\"@type\":\"ImageObject\",\"@id\":\"http:\/\/susurroschinos.com\/index.php\/cecilia-de-la-vega\/#primaryimage\",\"inLanguage\":\"en-US\",\"url\":\"https:\/\/susurroschinos.com\/wp-content\/uploads\/2020\/10\/Cecilia-de-la-Vega-2020.jpg\"},{\"@type\":\"WebPage\",\"@id\":\"http:\/\/susurroschinos.com\/index.php\/cecilia-de-la-vega\/#webpage\",\"url\":\"http:\/\/susurroschinos.com\/index.php\/cecilia-de-la-vega\/\",\"name\":\"Coordinadora - Susurros Chinos\",\"isPartOf\":{\"@id\":\"https:\/\/susurroschinos.com\/#website\"},\"primaryImageOfPage\":{\"@id\":\"http:\/\/susurroschinos.com\/index.php\/cecilia-de-la-vega\/#primaryimage\"},\"datePublished\":\"2020-10-07T16:52:45+00:00\",\"dateModified\":\"2025-03-17T09:39:33+00:00\",\"inLanguage\":\"en-US\",\"potentialAction\":[{\"@type\":\"ReadAction\",\"target\":[\"http:\/\/susurroschinos.com\/index.php\/cecilia-de-la-vega\/\"]}]}]}<\/script>\n<!-- \/ Yoast SEO plugin. -->","_links":{"self":[{"href":"https:\/\/susurroschinos.com\/index.php\/wp-json\/wp\/v2\/pages\/69"}],"collection":[{"href":"https:\/\/susurroschinos.com\/index.php\/wp-json\/wp\/v2\/pages"}],"about":[{"href":"https:\/\/susurroschinos.com\/index.php\/wp-json\/wp\/v2\/types\/page"}],"author":[{"embeddable":true,"href":"https:\/\/susurroschinos.com\/index.php\/wp-json\/wp\/v2\/users\/1"}],"replies":[{"embeddable":true,"href":"https:\/\/susurroschinos.com\/index.php\/wp-json\/wp\/v2\/comments?post=69"}],"version-history":[{"count":13,"href":"https:\/\/susurroschinos.com\/index.php\/wp-json\/wp\/v2\/pages\/69\/revisions"}],"predecessor-version":[{"id":353,"href":"https:\/\/susurroschinos.com\/index.php\/wp-json\/wp\/v2\/pages\/69\/revisions\/353"}],"wp:attachment":[{"href":"https:\/\/susurroschinos.com\/index.php\/wp-json\/wp\/v2\/media?parent=69"}],"curies":[{"name":"wp","href":"https:\/\/api.w.org\/{rel}","templated":true}]}}