{"id":56,"date":"2020-10-07T16:30:28","date_gmt":"2020-10-07T16:30:28","guid":{"rendered":"http:\/\/susurroschinos.com\/?page_id=56"},"modified":"2025-03-17T09:14:18","modified_gmt":"2025-03-17T09:14:18","slug":"instantaneas-de-ficcion-volumen-2","status":"publish","type":"page","link":"https:\/\/susurroschinos.com\/index.php\/instantaneas-de-ficcion-volumen-2\/","title":{"rendered":"Instant\u00e1neas de ficci\u00f3n. Volumen 2"},"content":{"rendered":"\n<div class=\"wp-block-image\"><figure class=\"aligncenter size-large is-resized\"><img loading=\"lazy\" src=\"https:\/\/i1.wp.com\/susurroschinos.com\/wp-content\/uploads\/2020\/10\/Instaneas-de-ficcion-Vol-2.jpg?resize=336%2C516&#038;ssl=1\" alt=\"\" class=\"wp-image-57\" width=\"336\" height=\"516\" srcset=\"https:\/\/i1.wp.com\/susurroschinos.com\/wp-content\/uploads\/2020\/10\/Instaneas-de-ficcion-Vol-2.jpg?w=667&amp;ssl=1 667w, https:\/\/i1.wp.com\/susurroschinos.com\/wp-content\/uploads\/2020\/10\/Instaneas-de-ficcion-Vol-2.jpg?resize=195%2C300&amp;ssl=1 195w, https:\/\/i1.wp.com\/susurroschinos.com\/wp-content\/uploads\/2020\/10\/Instaneas-de-ficcion-Vol-2.jpg?resize=560%2C860&amp;ssl=1 560w\" sizes=\"(max-width: 336px) 100vw, 336px\" data-recalc-dims=\"1\" \/><\/figure><\/div>\n\n\n\n<p>En diciembre de 2019 presentamos nuestra segunda compilaci\u00f3n de microcuentos en traducci\u00f3n,<em>&nbsp;Instant\u00e1neas de ficci\u00f3n. Vol\u00famen 2.<\/em><\/p>\n\n\n\n<p>Los microcuentos incluidos en esta antolog\u00eda pertenecen a escritores contempor\u00e1neos de habla inglesa \u2014provenientes de Norte Am\u00e9rica, Europa y Ocean\u00eda\u2014 y reflejan de manera cabal la potencia narrativa de la microficci\u00f3n.<\/p>\n\n\n\n<p>Un pu\u00f1ado de palabras, elegidas y dispuestas con maestr\u00eda, tienen el poder de sumergirnos en historias profundas e inquietantes, imposibles de soltar; historias que siguen diciendo aun despu\u00e9s de mucho tiempo de haberlas le\u00eddo; historias que van conectando recuerdos, senti-mientos, sensaciones y anidan en nuestro interior, para acompa\u00f1arnos y nutrirnos.<\/p>\n\n\n\n<p>La microficci\u00f3n condensa en sus l\u00edneas la magia de las palabras, el conjuro de la narrativa. \u00bfA qui\u00e9n no le gusta que le cuenten un cuento? Los microrrelatos que les acercamos en este nuevo volumen llegan para quedarse, para formar parte del imaginario de aquel ni\u00f1o o ni\u00f1a que nunca nos dej\u00f3 y que espera con ansias esa voz querida que siempre estar\u00e1 all\u00ed, dispuesta a contar un cuento m\u00e1s.<\/p>\n\n\n\n<p>Agradecemos de coraz\u00f3n a los trece autores que con generosidad accedieron a formar parte de esta compilaci\u00f3n y a nuestra querida Biblioteca C\u00f3rdoba que, al final de su majestuosa escalera, alberga nuestros encuentros y proyectos. En lo alto, nuestros debates infinitos y nuestras risas encuentran refugio, lejos del silencio solemne de los libros, cerca de las palabras. Palabras vivas que viajan.<\/p>\n\n\n\n<p><strong>Gratis en formato\u00a0<a href=\"https:\/\/play.google.com\/store\/books\/details?id=itIREQAAQBAJ\" target=\"_blank\" rel=\"noreferrer noopener\">digital<\/a>.<\/strong><\/p>\n\n\n\n<p><strong>Disponible tambi\u00e9n en formato\u00a0<a href=\"https:\/\/www.amazon.com\/dp\/9878626989\" target=\"_blank\" rel=\"noreferrer noopener\">papel<\/a><\/strong>.<\/p>\n","protected":false},"excerpt":{"rendered":"<p>En diciembre de 2019 presentamos nuestra segunda compilaci\u00f3n de microcuentos en traducci\u00f3n,&nbsp;Instant\u00e1neas de ficci\u00f3n. Vol\u00famen 2. Los microcuentos incluidos en &hellip; <a class=\"more-link\" href=\"https:\/\/susurroschinos.com\/index.php\/instantaneas-de-ficcion-volumen-2\/\">More<\/a><\/p>\n","protected":false},"author":1,"featured_media":0,"parent":0,"menu_order":0,"comment_status":"closed","ping_status":"closed","template":"","meta":{"spay_email":""},"yoast_head":"<!-- This site is optimized with the Yoast SEO plugin v15.0 - https:\/\/yoast.com\/wordpress\/plugins\/seo\/ -->\n<title>Instant\u00e1neas de ficci\u00f3n. Volumen 2 - Susurros Chinos<\/title>\n<meta name=\"robots\" content=\"index, follow, max-snippet:-1, max-image-preview:large, max-video-preview:-1\" \/>\n<link rel=\"canonical\" href=\"http:\/\/susurroschinos.com\/index.php\/instantaneas-de-ficcion-volumen-2\/\" \/>\n<meta property=\"og:locale\" content=\"en_US\" \/>\n<meta property=\"og:type\" content=\"article\" \/>\n<meta property=\"og:title\" content=\"Instant\u00e1neas de ficci\u00f3n. Volumen 2 - Susurros Chinos\" \/>\n<meta property=\"og:description\" content=\"En diciembre de 2019 presentamos nuestra segunda compilaci\u00f3n de microcuentos en traducci\u00f3n,&nbsp;Instant\u00e1neas de ficci\u00f3n. Vol\u00famen 2. Los microcuentos incluidos en &hellip; More\" \/>\n<meta property=\"og:url\" content=\"http:\/\/susurroschinos.com\/index.php\/instantaneas-de-ficcion-volumen-2\/\" \/>\n<meta property=\"og:site_name\" content=\"Susurros Chinos\" \/>\n<meta property=\"article:publisher\" content=\"https:\/\/facebook.com\/susurroschinos\" \/>\n<meta property=\"article:modified_time\" content=\"2025-03-17T09:14:18+00:00\" \/>\n<meta property=\"og:image\" content=\"https:\/\/susurroschinos.com\/wp-content\/uploads\/2020\/10\/Instaneas-de-ficcion-Vol-2.jpg\" \/>\n<meta name=\"twitter:card\" content=\"summary_large_image\" \/>\n<meta name=\"twitter:creator\" content=\"@SusurrosChinos\" \/>\n<meta name=\"twitter:site\" content=\"@SusurrosChinos\" \/>\n<script type=\"application\/ld+json\" class=\"yoast-schema-graph\">{\"@context\":\"https:\/\/schema.org\",\"@graph\":[{\"@type\":\"WebSite\",\"@id\":\"https:\/\/susurroschinos.com\/#website\",\"url\":\"https:\/\/susurroschinos.com\/\",\"name\":\"Susurros Chinos\",\"description\":\"Traducci\\u00f3n Literaria\",\"potentialAction\":[{\"@type\":\"SearchAction\",\"target\":\"https:\/\/susurroschinos.com\/?s={search_term_string}\",\"query-input\":\"required name=search_term_string\"}],\"inLanguage\":\"en-US\"},{\"@type\":\"ImageObject\",\"@id\":\"http:\/\/susurroschinos.com\/index.php\/instantaneas-de-ficcion-volumen-2\/#primaryimage\",\"inLanguage\":\"en-US\",\"url\":\"https:\/\/susurroschinos.com\/wp-content\/uploads\/2020\/10\/Instaneas-de-ficcion-Vol-2.jpg\"},{\"@type\":\"WebPage\",\"@id\":\"http:\/\/susurroschinos.com\/index.php\/instantaneas-de-ficcion-volumen-2\/#webpage\",\"url\":\"http:\/\/susurroschinos.com\/index.php\/instantaneas-de-ficcion-volumen-2\/\",\"name\":\"Instant\\u00e1neas de ficci\\u00f3n. Volumen 2 - Susurros Chinos\",\"isPartOf\":{\"@id\":\"https:\/\/susurroschinos.com\/#website\"},\"primaryImageOfPage\":{\"@id\":\"http:\/\/susurroschinos.com\/index.php\/instantaneas-de-ficcion-volumen-2\/#primaryimage\"},\"datePublished\":\"2020-10-07T16:30:28+00:00\",\"dateModified\":\"2025-03-17T09:14:18+00:00\",\"inLanguage\":\"en-US\",\"potentialAction\":[{\"@type\":\"ReadAction\",\"target\":[\"http:\/\/susurroschinos.com\/index.php\/instantaneas-de-ficcion-volumen-2\/\"]}]}]}<\/script>\n<!-- \/ Yoast SEO plugin. -->","_links":{"self":[{"href":"https:\/\/susurroschinos.com\/index.php\/wp-json\/wp\/v2\/pages\/56"}],"collection":[{"href":"https:\/\/susurroschinos.com\/index.php\/wp-json\/wp\/v2\/pages"}],"about":[{"href":"https:\/\/susurroschinos.com\/index.php\/wp-json\/wp\/v2\/types\/page"}],"author":[{"embeddable":true,"href":"https:\/\/susurroschinos.com\/index.php\/wp-json\/wp\/v2\/users\/1"}],"replies":[{"embeddable":true,"href":"https:\/\/susurroschinos.com\/index.php\/wp-json\/wp\/v2\/comments?post=56"}],"version-history":[{"count":3,"href":"https:\/\/susurroschinos.com\/index.php\/wp-json\/wp\/v2\/pages\/56\/revisions"}],"predecessor-version":[{"id":334,"href":"https:\/\/susurroschinos.com\/index.php\/wp-json\/wp\/v2\/pages\/56\/revisions\/334"}],"wp:attachment":[{"href":"https:\/\/susurroschinos.com\/index.php\/wp-json\/wp\/v2\/media?parent=56"}],"curies":[{"name":"wp","href":"https:\/\/api.w.org\/{rel}","templated":true}]}}