{"id":51,"date":"2020-10-07T16:21:53","date_gmt":"2020-10-07T16:21:53","guid":{"rendered":"http:\/\/susurroschinos.com\/?page_id=51"},"modified":"2025-03-17T09:16:20","modified_gmt":"2025-03-17T09:16:20","slug":"instantaneas-de-ficcion","status":"publish","type":"page","link":"https:\/\/susurroschinos.com\/index.php\/instantaneas-de-ficcion\/","title":{"rendered":"Instant\u00e1neas de ficci\u00f3n. Volumen 1"},"content":{"rendered":"\n<div class=\"wp-block-image\"><figure class=\"aligncenter size-large is-resized\"><img loading=\"lazy\" src=\"https:\/\/i1.wp.com\/susurroschinos.com\/wp-content\/uploads\/2020\/10\/Instantaneas-de-ficcion-Vol-1.jpg?resize=336%2C506\" alt=\"Instantaneas de ficcion Volumen 1\" class=\"wp-image-52\" width=\"336\" height=\"506\" srcset=\"https:\/\/i1.wp.com\/susurroschinos.com\/wp-content\/uploads\/2020\/10\/Instantaneas-de-ficcion-Vol-1.jpg?w=678&amp;ssl=1 678w, https:\/\/i1.wp.com\/susurroschinos.com\/wp-content\/uploads\/2020\/10\/Instantaneas-de-ficcion-Vol-1.jpg?resize=199%2C300&amp;ssl=1 199w\" sizes=\"(max-width: 336px) 100vw, 336px\" data-recalc-dims=\"1\" \/><\/figure><\/div>\n\n\n\n<p>Desde&nbsp;<em>Susurros Chinos<\/em>&nbsp;nos complace presentar nuestro libro&nbsp;<strong>\u201cInstant\u00e1neas de ficci\u00f3n. Selecci\u00f3n de microcuentos\u201d<\/strong>, un volumen que re\u00fane obras de quince autores contempor\u00e1neos de habla inglesa, en su mayor\u00eda estadounidenses, traducidas por primera vez al espa\u00f1ol.<\/p>\n\n\n\n<p>Los diecisiete microcuentos aqu\u00ed recopilados abordan tem\u00e1ticas variadas y, de alg\u00fan modo, universales: conflictos existenciales, amores y desamores, la muerte, las p\u00e9rdidas, las relaciones familiares, situaciones conmovedoras e inquietantes que, en pocas palabras, dicen mucho de la condici\u00f3n humana.<\/p>\n\n\n\n<p>Nuestro m\u00e1s sincero agradecimiento a este grupo de escritores notables que accedieron a participar en nuestra convocatoria: Lauren Becker, Spencer K. M. Brown, Steven Edwards, Kathy Fish, Timothy Fitts, Kathryn Kulpa, Len Kuntz,&nbsp; Nancy Ludmerer, Mathew Paust, Meg Pokrass, Matthew S. Rosin, David Schweidel, Alex Simand, John Smolens y Vanessa Wang.<\/p>\n\n\n\n<p><strong>Gratis en formato\u00a0<a href=\"https:\/\/play.google.com\/store\/books\/details?id=gYoREQAAQBAJ\" target=\"_blank\" rel=\"noreferrer noopener\">digital<\/a>.<\/strong><\/p>\n\n\n\n<p><strong>Disponible tambi\u00e9n en formato\u00a0<a href=\"https:\/\/www.amazon.com\/dp\/987778341X\" target=\"_blank\" rel=\"noreferrer noopener\">papel<\/a><\/strong>.<\/p>\n","protected":false},"excerpt":{"rendered":"<p>Desde&nbsp;Susurros Chinos&nbsp;nos complace presentar nuestro libro&nbsp;\u201cInstant\u00e1neas de ficci\u00f3n. Selecci\u00f3n de microcuentos\u201d, un volumen que re\u00fane obras de quince autores contempor\u00e1neos &hellip; <a class=\"more-link\" href=\"https:\/\/susurroschinos.com\/index.php\/instantaneas-de-ficcion\/\">More<\/a><\/p>\n","protected":false},"author":1,"featured_media":52,"parent":0,"menu_order":0,"comment_status":"closed","ping_status":"closed","template":"","meta":{"spay_email":""},"yoast_head":"<!-- This site is optimized with the Yoast SEO plugin v15.0 - https:\/\/yoast.com\/wordpress\/plugins\/seo\/ -->\n<title>Instant\u00e1neas de ficci\u00f3n. Volumen 1 - Susurros Chinos<\/title>\n<meta name=\"robots\" content=\"index, follow, max-snippet:-1, max-image-preview:large, max-video-preview:-1\" \/>\n<link rel=\"canonical\" href=\"http:\/\/susurroschinos.com\/index.php\/instantaneas-de-ficcion\/\" \/>\n<meta property=\"og:locale\" content=\"en_US\" \/>\n<meta property=\"og:type\" content=\"article\" \/>\n<meta property=\"og:title\" content=\"Instant\u00e1neas de ficci\u00f3n. Volumen 1 - Susurros Chinos\" \/>\n<meta property=\"og:description\" content=\"Desde&nbsp;Susurros Chinos&nbsp;nos complace presentar nuestro libro&nbsp;\u201cInstant\u00e1neas de ficci\u00f3n. Selecci\u00f3n de microcuentos\u201d, un volumen que re\u00fane obras de quince autores contempor\u00e1neos &hellip; More\" \/>\n<meta property=\"og:url\" content=\"http:\/\/susurroschinos.com\/index.php\/instantaneas-de-ficcion\/\" \/>\n<meta property=\"og:site_name\" content=\"Susurros Chinos\" \/>\n<meta property=\"article:publisher\" content=\"https:\/\/facebook.com\/susurroschinos\" \/>\n<meta property=\"article:modified_time\" content=\"2025-03-17T09:16:20+00:00\" \/>\n<meta property=\"og:image\" content=\"https:\/\/i1.wp.com\/susurroschinos.com\/wp-content\/uploads\/2020\/10\/Instantaneas-de-ficcion-Vol-1.jpg?fit=678%2C1024&#038;ssl=1\" \/>\n\t<meta property=\"og:image:width\" content=\"678\" \/>\n\t<meta property=\"og:image:height\" content=\"1024\" \/>\n<meta name=\"twitter:card\" content=\"summary_large_image\" \/>\n<meta name=\"twitter:creator\" content=\"@SusurrosChinos\" \/>\n<meta name=\"twitter:site\" content=\"@SusurrosChinos\" \/>\n<script type=\"application\/ld+json\" class=\"yoast-schema-graph\">{\"@context\":\"https:\/\/schema.org\",\"@graph\":[{\"@type\":\"WebSite\",\"@id\":\"https:\/\/susurroschinos.com\/#website\",\"url\":\"https:\/\/susurroschinos.com\/\",\"name\":\"Susurros Chinos\",\"description\":\"Traducci\\u00f3n Literaria\",\"potentialAction\":[{\"@type\":\"SearchAction\",\"target\":\"https:\/\/susurroschinos.com\/?s={search_term_string}\",\"query-input\":\"required name=search_term_string\"}],\"inLanguage\":\"en-US\"},{\"@type\":\"ImageObject\",\"@id\":\"http:\/\/susurroschinos.com\/index.php\/instantaneas-de-ficcion\/#primaryimage\",\"inLanguage\":\"en-US\",\"url\":\"https:\/\/i1.wp.com\/susurroschinos.com\/wp-content\/uploads\/2020\/10\/Instantaneas-de-ficcion-Vol-1.jpg?fit=678%2C1024&ssl=1\",\"width\":678,\"height\":1024,\"caption\":\"Instantaneas de ficcion Volumen 1\"},{\"@type\":\"WebPage\",\"@id\":\"http:\/\/susurroschinos.com\/index.php\/instantaneas-de-ficcion\/#webpage\",\"url\":\"http:\/\/susurroschinos.com\/index.php\/instantaneas-de-ficcion\/\",\"name\":\"Instant\\u00e1neas de ficci\\u00f3n. Volumen 1 - Susurros Chinos\",\"isPartOf\":{\"@id\":\"https:\/\/susurroschinos.com\/#website\"},\"primaryImageOfPage\":{\"@id\":\"http:\/\/susurroschinos.com\/index.php\/instantaneas-de-ficcion\/#primaryimage\"},\"datePublished\":\"2020-10-07T16:21:53+00:00\",\"dateModified\":\"2025-03-17T09:16:20+00:00\",\"inLanguage\":\"en-US\",\"potentialAction\":[{\"@type\":\"ReadAction\",\"target\":[\"http:\/\/susurroschinos.com\/index.php\/instantaneas-de-ficcion\/\"]}]}]}<\/script>\n<!-- \/ Yoast SEO plugin. -->","_links":{"self":[{"href":"https:\/\/susurroschinos.com\/index.php\/wp-json\/wp\/v2\/pages\/51"}],"collection":[{"href":"https:\/\/susurroschinos.com\/index.php\/wp-json\/wp\/v2\/pages"}],"about":[{"href":"https:\/\/susurroschinos.com\/index.php\/wp-json\/wp\/v2\/types\/page"}],"author":[{"embeddable":true,"href":"https:\/\/susurroschinos.com\/index.php\/wp-json\/wp\/v2\/users\/1"}],"replies":[{"embeddable":true,"href":"https:\/\/susurroschinos.com\/index.php\/wp-json\/wp\/v2\/comments?post=51"}],"version-history":[{"count":4,"href":"https:\/\/susurroschinos.com\/index.php\/wp-json\/wp\/v2\/pages\/51\/revisions"}],"predecessor-version":[{"id":335,"href":"https:\/\/susurroschinos.com\/index.php\/wp-json\/wp\/v2\/pages\/51\/revisions\/335"}],"wp:featuredmedia":[{"embeddable":true,"href":"https:\/\/susurroschinos.com\/index.php\/wp-json\/wp\/v2\/media\/52"}],"wp:attachment":[{"href":"https:\/\/susurroschinos.com\/index.php\/wp-json\/wp\/v2\/media?parent=51"}],"curies":[{"name":"wp","href":"https:\/\/api.w.org\/{rel}","templated":true}]}}