{"id":481,"date":"2026-02-08T13:46:51","date_gmt":"2026-02-08T13:46:51","guid":{"rendered":"http:\/\/susurroschinos.com\/?page_id=481"},"modified":"2026-02-12T15:17:40","modified_gmt":"2026-02-12T15:17:40","slug":"ola-cero","status":"publish","type":"page","link":"https:\/\/susurroschinos.com\/index.php\/ola-cero\/","title":{"rendered":"Ola Cero"},"content":{"rendered":"\n<p>Ola Cero es un proyecto editorial peque\u00f1o, orientado a publicar obras del pasado que quedaron opacadas por las l\u00f3gicas de su tiempo y escrituras actuales que moldean las din\u00e1micas del presente. El sello surge en di\u00e1logo con Susurros Chinos, a partir de la experiencia sostenida de lectura y traducci\u00f3n que aqu\u00ed adquiere forma editorial. La labor de curadur\u00eda se funda en la convicci\u00f3n de que la traducci\u00f3n \u2014entendida como una forma activa de lectura y de intervenci\u00f3n\u2014 funciona como un medio eficaz de rescate: una manera de volver legible lo que fue desatendido, de recuperar voces que quedaron silenciadas.<\/p>\n\n\n\n<p>El cat\u00e1logo de Ola Cero se concibe como un espacio de reuni\u00f3n para textos que vuelven y se resignifican \u2014muchas veces desplazados de su lengua original\u2014 y tambi\u00e9n para escrituras contempor\u00e1neas que se suman al di\u00e1logo, estableciendo v\u00ednculos con modos singulares de pensar la literatura. Los t\u00edtulos no responden a los mandatos de la novedad ni del canon, sino a una b\u00fasqueda sostenida: la de obras que tienen algo para decir \u2014o que admiten m\u00faltiples lecturas\u2014 y que encuentran hoy nuevos espacios de recepci\u00f3n y p\u00fablicos lectores.<\/p>\n\n\n\n<p>El trabajo editorial propone articular el rescate y la traducci\u00f3n de textos con la publicaci\u00f3n de obras in\u00e9ditas, abordando ambos procesos desde un mismo enfoque de lectura y de cuidado. Traducir y editar, para Ola Cero, son tareas afines: formas de intervenir en la circulaci\u00f3n de los libros, de ponerlos en relaci\u00f3n y de abrirlos a las discusiones del presente.<\/p>\n\n\n\n<div class=\"wp-block-image\"><figure class=\"aligncenter size-large is-resized\"><img loading=\"lazy\" src=\"https:\/\/i2.wp.com\/susurroschinos.com\/wp-content\/uploads\/2026\/02\/Logo-OLA-CERO-redondo-blanco.png?resize=298%2C298&#038;ssl=1\" alt=\"\" class=\"wp-image-530\" width=\"298\" height=\"298\" srcset=\"https:\/\/i2.wp.com\/susurroschinos.com\/wp-content\/uploads\/2026\/02\/Logo-OLA-CERO-redondo-blanco.png?w=472&amp;ssl=1 472w, https:\/\/i2.wp.com\/susurroschinos.com\/wp-content\/uploads\/2026\/02\/Logo-OLA-CERO-redondo-blanco.png?resize=300%2C300&amp;ssl=1 300w, https:\/\/i2.wp.com\/susurroschinos.com\/wp-content\/uploads\/2026\/02\/Logo-OLA-CERO-redondo-blanco.png?resize=150%2C150&amp;ssl=1 150w\" sizes=\"(max-width: 298px) 100vw, 298px\" data-recalc-dims=\"1\" \/><\/figure><\/div>\n","protected":false},"excerpt":{"rendered":"<p>Ola Cero es un proyecto editorial peque\u00f1o, orientado a publicar obras del pasado que quedaron opacadas por las l\u00f3gicas de &hellip; <a class=\"more-link\" href=\"https:\/\/susurroschinos.com\/index.php\/ola-cero\/\">More<\/a><\/p>\n","protected":false},"author":1,"featured_media":0,"parent":0,"menu_order":0,"comment_status":"closed","ping_status":"closed","template":"","meta":{"spay_email":""},"yoast_head":"<!-- This site is optimized with the Yoast SEO plugin v15.0 - https:\/\/yoast.com\/wordpress\/plugins\/seo\/ -->\n<title>https:\/\/susurroschinos.com\/ola-cero\/<\/title>\n<meta name=\"robots\" content=\"index, follow, max-snippet:-1, max-image-preview:large, max-video-preview:-1\" \/>\n<link rel=\"canonical\" href=\"http:\/\/susurroschinos.com\/index.php\/ola-cero\/\" \/>\n<meta property=\"og:locale\" content=\"en_US\" \/>\n<meta property=\"og:type\" content=\"article\" \/>\n<meta property=\"og:title\" content=\"https:\/\/susurroschinos.com\/ola-cero\/\" \/>\n<meta property=\"og:description\" content=\"Ola Cero es un proyecto editorial peque\u00f1o, orientado a publicar obras del pasado que quedaron opacadas por las l\u00f3gicas de &hellip; More\" \/>\n<meta property=\"og:url\" content=\"http:\/\/susurroschinos.com\/index.php\/ola-cero\/\" \/>\n<meta property=\"og:site_name\" content=\"Susurros Chinos\" \/>\n<meta property=\"article:publisher\" content=\"https:\/\/facebook.com\/susurroschinos\" \/>\n<meta property=\"article:modified_time\" content=\"2026-02-12T15:17:40+00:00\" \/>\n<meta property=\"og:image\" content=\"https:\/\/susurroschinos.com\/wp-content\/uploads\/2026\/02\/Logo-OLA-CERO-redondo-blanco.png\" \/>\n<meta name=\"twitter:card\" content=\"summary_large_image\" \/>\n<meta name=\"twitter:creator\" content=\"@SusurrosChinos\" \/>\n<meta name=\"twitter:site\" content=\"@SusurrosChinos\" \/>\n<script type=\"application\/ld+json\" class=\"yoast-schema-graph\">{\"@context\":\"https:\/\/schema.org\",\"@graph\":[{\"@type\":\"WebSite\",\"@id\":\"https:\/\/susurroschinos.com\/#website\",\"url\":\"https:\/\/susurroschinos.com\/\",\"name\":\"Susurros Chinos\",\"description\":\"Traducci\\u00f3n Literaria\",\"potentialAction\":[{\"@type\":\"SearchAction\",\"target\":\"https:\/\/susurroschinos.com\/?s={search_term_string}\",\"query-input\":\"required name=search_term_string\"}],\"inLanguage\":\"en-US\"},{\"@type\":\"ImageObject\",\"@id\":\"http:\/\/susurroschinos.com\/index.php\/ola-cero\/#primaryimage\",\"inLanguage\":\"en-US\",\"url\":\"https:\/\/susurroschinos.com\/wp-content\/uploads\/2026\/02\/Logo-OLA-CERO-redondo-blanco.png\"},{\"@type\":\"WebPage\",\"@id\":\"http:\/\/susurroschinos.com\/index.php\/ola-cero\/#webpage\",\"url\":\"http:\/\/susurroschinos.com\/index.php\/ola-cero\/\",\"name\":\"https:\/\/susurroschinos.com\/ola-cero\/\",\"isPartOf\":{\"@id\":\"https:\/\/susurroschinos.com\/#website\"},\"primaryImageOfPage\":{\"@id\":\"http:\/\/susurroschinos.com\/index.php\/ola-cero\/#primaryimage\"},\"datePublished\":\"2026-02-08T13:46:51+00:00\",\"dateModified\":\"2026-02-12T15:17:40+00:00\",\"inLanguage\":\"en-US\",\"potentialAction\":[{\"@type\":\"ReadAction\",\"target\":[\"http:\/\/susurroschinos.com\/index.php\/ola-cero\/\"]}]}]}<\/script>\n<!-- \/ Yoast SEO plugin. -->","_links":{"self":[{"href":"https:\/\/susurroschinos.com\/index.php\/wp-json\/wp\/v2\/pages\/481"}],"collection":[{"href":"https:\/\/susurroschinos.com\/index.php\/wp-json\/wp\/v2\/pages"}],"about":[{"href":"https:\/\/susurroschinos.com\/index.php\/wp-json\/wp\/v2\/types\/page"}],"author":[{"embeddable":true,"href":"https:\/\/susurroschinos.com\/index.php\/wp-json\/wp\/v2\/users\/1"}],"replies":[{"embeddable":true,"href":"https:\/\/susurroschinos.com\/index.php\/wp-json\/wp\/v2\/comments?post=481"}],"version-history":[{"count":16,"href":"https:\/\/susurroschinos.com\/index.php\/wp-json\/wp\/v2\/pages\/481\/revisions"}],"predecessor-version":[{"id":532,"href":"https:\/\/susurroschinos.com\/index.php\/wp-json\/wp\/v2\/pages\/481\/revisions\/532"}],"wp:attachment":[{"href":"https:\/\/susurroschinos.com\/index.php\/wp-json\/wp\/v2\/media?parent=481"}],"curies":[{"name":"wp","href":"https:\/\/api.w.org\/{rel}","templated":true}]}}