{"id":211,"date":"2022-02-22T13:25:02","date_gmt":"2022-02-22T13:25:02","guid":{"rendered":"http:\/\/susurroschinos.com\/?page_id=211"},"modified":"2025-03-17T09:30:20","modified_gmt":"2025-03-17T09:30:20","slug":"la-bruja-blanca-y-otros-cuentos-que-rompieron-el-molde","status":"publish","type":"page","link":"https:\/\/susurroschinos.com\/index.php\/la-bruja-blanca-y-otros-cuentos-que-rompieron-el-molde\/","title":{"rendered":"La Bruja Blanca y otros cuentos que rompieron el molde"},"content":{"rendered":"\n<figure class=\"wp-block-image size-large\"><img loading=\"lazy\" width=\"309\" height=\"466\" src=\"https:\/\/i2.wp.com\/susurroschinos.com\/wp-content\/uploads\/2025\/03\/LBBB-1.jpg?resize=309%2C466&#038;ssl=1\" alt=\"\" class=\"wp-image-348\" srcset=\"https:\/\/i2.wp.com\/susurroschinos.com\/wp-content\/uploads\/2025\/03\/LBBB-1.jpg?w=309&amp;ssl=1 309w, https:\/\/i2.wp.com\/susurroschinos.com\/wp-content\/uploads\/2025\/03\/LBBB-1.jpg?resize=199%2C300&amp;ssl=1 199w\" sizes=\"(max-width: 309px) 100vw, 309px\" data-recalc-dims=\"1\" \/><\/figure>\n\n\n\n<p><em>La Bruja Blanca y otros cuentos que rompieron el molde<\/em> re\u00fane seis historias sorprendentes, hoy desconocidas, que fueron escritas, en su mayor\u00eda, hace m\u00e1s de cien a\u00f1os. En estos relatos, encontramos pr\u00edncipes, princesas, magos, dragones y otros personajes de los cuentos de hadas que se alejan de sus roles habituales y nos divierten con sus ocurrencias y aventuras.<\/p>\n\n\n\n<p>De la pluma de autoras de enorme trayectoria como Edith Nesbit y Mary de Morgan, surgen princesas que ya no se conforman con ser la damisela en apuros del cuento. En ellas, vemos reflejados los anhelos de aquellas mujeres valientes que a principios del siglo XX, con gran convicci\u00f3n, lucharon por sus derechos, para poder elegir y vivir libremente. Los geniales R. E. Vern\u00e8de y Philip Carmichael, en la l\u00ednea de los creadores de los mundos maravillosos de Alicia y el Mago de Oz, nos regalan cuentos \u00fanicos, con personajes inolvidables y di\u00e1logos desopilantes y llenos de humor, en los que la fantas\u00eda y la imaginaci\u00f3n no tienen l\u00edmite.<\/p>\n\n\n\n<p>De un modo sorprendente, estos relatos, escritos hace tantos a\u00f1os, mantienen su vigencia y tienen la potencia de alimentar el gusto por las buenas historias, esas en las que abundan las ideas nuevas y un poco alocadas, que activan la mente y nos regalan otras miradas del mundo.<\/p>\n\n\n\n<p><strong>Disponible en formato <a rel=\"noreferrer noopener\" href=\"https:\/\/www.amazon.com\/dp\/9878676226\" target=\"_blank\">digital o papel<\/a>.<\/strong><\/p>\n","protected":false},"excerpt":{"rendered":"<p>La Bruja Blanca y otros cuentos que rompieron el molde re\u00fane seis historias sorprendentes, hoy desconocidas, que fueron escritas, en &hellip; <a class=\"more-link\" href=\"https:\/\/susurroschinos.com\/index.php\/la-bruja-blanca-y-otros-cuentos-que-rompieron-el-molde\/\">More<\/a><\/p>\n","protected":false},"author":1,"featured_media":115,"parent":0,"menu_order":0,"comment_status":"closed","ping_status":"closed","template":"","meta":{"spay_email":""},"yoast_head":"<!-- This site is optimized with the Yoast SEO plugin v15.0 - https:\/\/yoast.com\/wordpress\/plugins\/seo\/ -->\n<title>La Bruja Blanca y otros cuentos que rompieron el molde - Susurros Chinos<\/title>\n<meta name=\"robots\" content=\"index, follow, max-snippet:-1, max-image-preview:large, max-video-preview:-1\" \/>\n<link rel=\"canonical\" href=\"http:\/\/susurroschinos.com\/index.php\/la-bruja-blanca-y-otros-cuentos-que-rompieron-el-molde\/\" \/>\n<meta property=\"og:locale\" content=\"en_US\" \/>\n<meta property=\"og:type\" content=\"article\" \/>\n<meta property=\"og:title\" content=\"La Bruja Blanca y otros cuentos que rompieron el molde - Susurros Chinos\" \/>\n<meta property=\"og:description\" content=\"La Bruja Blanca y otros cuentos que rompieron el molde re\u00fane seis historias sorprendentes, hoy desconocidas, que fueron escritas, en &hellip; More\" \/>\n<meta property=\"og:url\" content=\"http:\/\/susurroschinos.com\/index.php\/la-bruja-blanca-y-otros-cuentos-que-rompieron-el-molde\/\" \/>\n<meta property=\"og:site_name\" content=\"Susurros Chinos\" \/>\n<meta property=\"article:publisher\" content=\"https:\/\/facebook.com\/susurroschinos\" \/>\n<meta property=\"article:modified_time\" content=\"2025-03-17T09:30:20+00:00\" \/>\n<meta property=\"og:image\" content=\"https:\/\/i2.wp.com\/susurroschinos.com\/wp-content\/uploads\/2020\/12\/Destacada-La-Bruja-Blanca-1.jpg?fit=700%2C475&#038;ssl=1\" \/>\n\t<meta property=\"og:image:width\" content=\"700\" \/>\n\t<meta property=\"og:image:height\" content=\"475\" \/>\n<meta name=\"twitter:card\" content=\"summary_large_image\" \/>\n<meta name=\"twitter:creator\" content=\"@SusurrosChinos\" \/>\n<meta name=\"twitter:site\" content=\"@SusurrosChinos\" \/>\n<script type=\"application\/ld+json\" class=\"yoast-schema-graph\">{\"@context\":\"https:\/\/schema.org\",\"@graph\":[{\"@type\":\"WebSite\",\"@id\":\"https:\/\/susurroschinos.com\/#website\",\"url\":\"https:\/\/susurroschinos.com\/\",\"name\":\"Susurros Chinos\",\"description\":\"Traducci\\u00f3n Literaria\",\"potentialAction\":[{\"@type\":\"SearchAction\",\"target\":\"https:\/\/susurroschinos.com\/?s={search_term_string}\",\"query-input\":\"required name=search_term_string\"}],\"inLanguage\":\"en-US\"},{\"@type\":\"ImageObject\",\"@id\":\"http:\/\/susurroschinos.com\/index.php\/la-bruja-blanca-y-otros-cuentos-que-rompieron-el-molde\/#primaryimage\",\"inLanguage\":\"en-US\",\"url\":\"https:\/\/i2.wp.com\/susurroschinos.com\/wp-content\/uploads\/2020\/12\/Destacada-La-Bruja-Blanca-1.jpg?fit=700%2C475&ssl=1\",\"width\":700,\"height\":475,\"caption\":\"La Bruja Blanca Edith Nesbit\"},{\"@type\":\"WebPage\",\"@id\":\"http:\/\/susurroschinos.com\/index.php\/la-bruja-blanca-y-otros-cuentos-que-rompieron-el-molde\/#webpage\",\"url\":\"http:\/\/susurroschinos.com\/index.php\/la-bruja-blanca-y-otros-cuentos-que-rompieron-el-molde\/\",\"name\":\"La Bruja Blanca y otros cuentos que rompieron el molde - Susurros Chinos\",\"isPartOf\":{\"@id\":\"https:\/\/susurroschinos.com\/#website\"},\"primaryImageOfPage\":{\"@id\":\"http:\/\/susurroschinos.com\/index.php\/la-bruja-blanca-y-otros-cuentos-que-rompieron-el-molde\/#primaryimage\"},\"datePublished\":\"2022-02-22T13:25:02+00:00\",\"dateModified\":\"2025-03-17T09:30:20+00:00\",\"inLanguage\":\"en-US\",\"potentialAction\":[{\"@type\":\"ReadAction\",\"target\":[\"http:\/\/susurroschinos.com\/index.php\/la-bruja-blanca-y-otros-cuentos-que-rompieron-el-molde\/\"]}]}]}<\/script>\n<!-- \/ Yoast SEO plugin. -->","_links":{"self":[{"href":"https:\/\/susurroschinos.com\/index.php\/wp-json\/wp\/v2\/pages\/211"}],"collection":[{"href":"https:\/\/susurroschinos.com\/index.php\/wp-json\/wp\/v2\/pages"}],"about":[{"href":"https:\/\/susurroschinos.com\/index.php\/wp-json\/wp\/v2\/types\/page"}],"author":[{"embeddable":true,"href":"https:\/\/susurroschinos.com\/index.php\/wp-json\/wp\/v2\/users\/1"}],"replies":[{"embeddable":true,"href":"https:\/\/susurroschinos.com\/index.php\/wp-json\/wp\/v2\/comments?post=211"}],"version-history":[{"count":3,"href":"https:\/\/susurroschinos.com\/index.php\/wp-json\/wp\/v2\/pages\/211\/revisions"}],"predecessor-version":[{"id":349,"href":"https:\/\/susurroschinos.com\/index.php\/wp-json\/wp\/v2\/pages\/211\/revisions\/349"}],"wp:featuredmedia":[{"embeddable":true,"href":"https:\/\/susurroschinos.com\/index.php\/wp-json\/wp\/v2\/media\/115"}],"wp:attachment":[{"href":"https:\/\/susurroschinos.com\/index.php\/wp-json\/wp\/v2\/media?parent=211"}],"curies":[{"name":"wp","href":"https:\/\/api.w.org\/{rel}","templated":true}]}}